{"id":22,"date":"2020-04-10T04:29:16","date_gmt":"2020-04-10T04:29:16","guid":{"rendered":"https:\/\/spacious-pro-product-demo.sites.qsandbox.com\/?page_id=22"},"modified":"2022-12-28T12:09:40","modified_gmt":"2022-12-28T11:09:40","slug":"nosotros","status":"publish","type":"page","link":"https:\/\/www.lahoradadaeditorial.com\/index.php\/nosotros\/","title":{"rendered":"NOSOTROS"},"content":{"rendered":"\t\t<div data-elementor-type=\"wp-page\" data-elementor-id=\"22\" class=\"elementor elementor-22\">\n\t\t\t\t\t\t<section class=\"elementor-section elementor-top-section elementor-element elementor-element-de82ea1 elementor-section-boxed elementor-section-height-default elementor-section-height-default\" data-id=\"de82ea1\" data-element_type=\"section\" data-e-type=\"section\" data-settings=\"{&quot;background_background&quot;:&quot;classic&quot;}\">\n\t\t\t\t\t\t\t<div class=\"elementor-background-overlay\"><\/div>\n\t\t\t\t\t\t\t<div class=\"elementor-container elementor-column-gap-default\">\n\t\t\t\t\t<div class=\"elementor-column elementor-col-100 elementor-top-column elementor-element elementor-element-2589089\" data-id=\"2589089\" data-element_type=\"column\" data-e-type=\"column\">\n\t\t\t<div class=\"elementor-widget-wrap elementor-element-populated\">\n\t\t\t\t\t\t<div class=\"elementor-element elementor-element-6c7277d elementor-widget elementor-widget-heading\" data-id=\"6c7277d\" data-element_type=\"widget\" data-e-type=\"widget\" data-widget_type=\"heading.default\">\n\t\t\t\t<div class=\"elementor-widget-container\">\n\t\t\t\t\t<h2 class=\"elementor-heading-title elementor-size-default\">ACERCA DE<\/h2>\t\t\t\t<\/div>\n\t\t\t\t<\/div>\n\t\t\t\t\t<\/div>\n\t\t<\/div>\n\t\t\t\t\t<\/div>\n\t\t<\/section>\n\t\t\t\t<section class=\"elementor-section elementor-top-section elementor-element elementor-element-df02d2b elementor-section-boxed elementor-section-height-default elementor-section-height-default\" data-id=\"df02d2b\" data-element_type=\"section\" data-e-type=\"section\">\n\t\t\t\t\t\t<div class=\"elementor-container elementor-column-gap-default\">\n\t\t\t\t\t<div class=\"elementor-column elementor-col-100 elementor-top-column elementor-element elementor-element-a0ebc1e\" data-id=\"a0ebc1e\" data-element_type=\"column\" data-e-type=\"column\">\n\t\t\t<div class=\"elementor-widget-wrap elementor-element-populated\">\n\t\t\t\t\t\t<div class=\"elementor-element elementor-element-8ff607a elementor-widget elementor-widget-spacer\" data-id=\"8ff607a\" data-element_type=\"widget\" data-e-type=\"widget\" data-widget_type=\"spacer.default\">\n\t\t\t\t<div class=\"elementor-widget-container\">\n\t\t\t\t\t\t\t<div class=\"elementor-spacer\">\n\t\t\t<div class=\"elementor-spacer-inner\"><\/div>\n\t\t<\/div>\n\t\t\t\t\t\t<\/div>\n\t\t\t\t<\/div>\n\t\t\t\t<div class=\"elementor-element elementor-element-ca37a3b elementor-widget elementor-widget-text-editor\" data-id=\"ca37a3b\" data-element_type=\"widget\" data-e-type=\"widget\" data-widget_type=\"text-editor.default\">\n\t\t\t\t<div class=\"elementor-widget-container\">\n\t\t\t\t\t\t\t\t\t<p><span style=\"font-size: 12pt;\"><strong>Nuestra filosof\u00eda\u00a0<\/strong><\/span><\/p>\t\t\t\t\t\t\t\t<\/div>\n\t\t\t\t<\/div>\n\t\t\t\t<section class=\"elementor-section elementor-inner-section elementor-element elementor-element-c87f760 elementor-section-boxed elementor-section-height-default elementor-section-height-default\" data-id=\"c87f760\" data-element_type=\"section\" data-e-type=\"section\">\n\t\t\t\t\t\t<div class=\"elementor-container elementor-column-gap-default\">\n\t\t\t\t\t<div class=\"elementor-column elementor-col-50 elementor-inner-column elementor-element elementor-element-93292b7\" data-id=\"93292b7\" data-element_type=\"column\" data-e-type=\"column\">\n\t\t\t<div class=\"elementor-widget-wrap elementor-element-populated\">\n\t\t\t\t\t\t<div class=\"elementor-element elementor-element-f31e8b4 elementor-widget elementor-widget-image\" data-id=\"f31e8b4\" data-element_type=\"widget\" data-e-type=\"widget\" data-widget_type=\"image.default\">\n\t\t\t\t<div class=\"elementor-widget-container\">\n\t\t\t\t\t\t\t\t\t\t\t\t\t\t\t<img fetchpriority=\"high\" decoding=\"async\" width=\"750\" height=\"321\" src=\"https:\/\/www.lahoradadaeditorial.com\/wp-content\/uploads\/2021\/10\/D100994-768x329.png\" class=\"attachment-medium_large size-medium_large wp-image-699\" alt=\"ibros abiertos\" srcset=\"https:\/\/www.lahoradadaeditorial.com\/wp-content\/uploads\/2021\/10\/D100994-768x329.png 768w, https:\/\/www.lahoradadaeditorial.com\/wp-content\/uploads\/2021\/10\/D100994-300x129.png 300w, https:\/\/www.lahoradadaeditorial.com\/wp-content\/uploads\/2021\/10\/D100994-1024x439.png 1024w, https:\/\/www.lahoradadaeditorial.com\/wp-content\/uploads\/2021\/10\/D100994-270x116.png 270w, https:\/\/www.lahoradadaeditorial.com\/wp-content\/uploads\/2021\/10\/D100994.png 1400w\" sizes=\"(max-width: 750px) 100vw, 750px\" \/>\t\t\t\t\t\t\t\t\t\t\t\t\t\t\t<\/div>\n\t\t\t\t<\/div>\n\t\t\t\t\t<\/div>\n\t\t<\/div>\n\t\t\t\t<div class=\"elementor-column elementor-col-50 elementor-inner-column elementor-element elementor-element-2d4364b\" data-id=\"2d4364b\" data-element_type=\"column\" data-e-type=\"column\">\n\t\t\t<div class=\"elementor-widget-wrap elementor-element-populated\">\n\t\t\t\t\t\t<div class=\"elementor-element elementor-element-6152ff9 elementor-widget elementor-widget-text-editor\" data-id=\"6152ff9\" data-element_type=\"widget\" data-e-type=\"widget\" data-widget_type=\"text-editor.default\">\n\t\t\t\t<div class=\"elementor-widget-container\">\n\t\t\t\t\t\t\t\t\t<p>La editorial La Horadada inicia su andadura con dos l\u00edneas editoriales que tienen como base el patrimonio. La primera tiene como tema la edici\u00f3n de libros de arte, arquitectura, paisaje cultural etc. Se trata de libros con alto contenido gr\u00e1fico y car\u00e1cter divulgador. La segunda est\u00e1 dedicada a la edici\u00f3n de facs\u00edmiles, obras singulares de gran inter\u00e9s para lectores y bibli\u00f3filos. Nuestras ediciones son fruto de un trabajo muy arduo y met\u00f3dico, a la b\u00fasqueda de la m\u00e1xima fidelidad y calidad.<\/p>\t\t\t\t\t\t\t\t<\/div>\n\t\t\t\t<\/div>\n\t\t\t\t\t<\/div>\n\t\t<\/div>\n\t\t\t\t\t<\/div>\n\t\t<\/section>\n\t\t\t\t\t<\/div>\n\t\t<\/div>\n\t\t\t\t\t<\/div>\n\t\t<\/section>\n\t\t\t\t<section class=\"elementor-section elementor-top-section elementor-element elementor-element-1cbf6fb elementor-section-boxed elementor-section-height-default elementor-section-height-default\" data-id=\"1cbf6fb\" data-element_type=\"section\" data-e-type=\"section\">\n\t\t\t\t\t\t<div class=\"elementor-container elementor-column-gap-default\">\n\t\t\t\t\t<div class=\"elementor-column elementor-col-100 elementor-top-column elementor-element elementor-element-094901a\" data-id=\"094901a\" data-element_type=\"column\" data-e-type=\"column\">\n\t\t\t<div class=\"elementor-widget-wrap elementor-element-populated\">\n\t\t\t\t\t\t<div class=\"elementor-element elementor-element-59ea7e0 elementor-widget elementor-widget-spacer\" data-id=\"59ea7e0\" data-element_type=\"widget\" data-e-type=\"widget\" data-widget_type=\"spacer.default\">\n\t\t\t\t<div class=\"elementor-widget-container\">\n\t\t\t\t\t\t\t<div class=\"elementor-spacer\">\n\t\t\t<div class=\"elementor-spacer-inner\"><\/div>\n\t\t<\/div>\n\t\t\t\t\t\t<\/div>\n\t\t\t\t<\/div>\n\t\t\t\t\t<\/div>\n\t\t<\/div>\n\t\t\t\t\t<\/div>\n\t\t<\/section>\n\t\t\t\t<\/div>\n\t\t","protected":false},"excerpt":{"rendered":"<p>ACERCA DE Nuestra filosof\u00eda\u00a0 La editorial La Horadada inicia su andadura con dos l\u00edneas editoriales que tienen como base el patrimonio. La primera tiene como tema la edici\u00f3n de libros de arte, arquitectura, paisaje cultural etc. Se trata de libros<\/p>\n","protected":false},"author":1,"featured_media":0,"parent":0,"menu_order":0,"comment_status":"closed","ping_status":"closed","template":"","meta":{"_eb_attr":"","footnotes":""},"class_list":["post-22","page","type-page","status-publish","hentry","","tg-column-two"],"_links":{"self":[{"href":"https:\/\/www.lahoradadaeditorial.com\/index.php\/wp-json\/wp\/v2\/pages\/22","targetHints":{"allow":["GET"]}}],"collection":[{"href":"https:\/\/www.lahoradadaeditorial.com\/index.php\/wp-json\/wp\/v2\/pages"}],"about":[{"href":"https:\/\/www.lahoradadaeditorial.com\/index.php\/wp-json\/wp\/v2\/types\/page"}],"author":[{"embeddable":true,"href":"https:\/\/www.lahoradadaeditorial.com\/index.php\/wp-json\/wp\/v2\/users\/1"}],"replies":[{"embeddable":true,"href":"https:\/\/www.lahoradadaeditorial.com\/index.php\/wp-json\/wp\/v2\/comments?post=22"}],"version-history":[{"count":56,"href":"https:\/\/www.lahoradadaeditorial.com\/index.php\/wp-json\/wp\/v2\/pages\/22\/revisions"}],"predecessor-version":[{"id":1863,"href":"https:\/\/www.lahoradadaeditorial.com\/index.php\/wp-json\/wp\/v2\/pages\/22\/revisions\/1863"}],"wp:attachment":[{"href":"https:\/\/www.lahoradadaeditorial.com\/index.php\/wp-json\/wp\/v2\/media?parent=22"}],"curies":[{"name":"wp","href":"https:\/\/api.w.org\/{rel}","templated":true}]}}